{"id":1117,"date":"2021-02-01T08:29:06","date_gmt":"2021-02-01T08:29:06","guid":{"rendered":"https:\/\/www.alprem.si\/razno\/"},"modified":"2021-03-02T12:12:36","modified_gmt":"2021-03-02T12:12:36","slug":"alu-bauelemente","status":"publish","type":"page","link":"https:\/\/www.alprem.si\/de\/produkte\/alu-bauelemente\/","title":{"rendered":"Sonstige Bauelemente"},"content":{"rendered":"","protected":false},"excerpt":{"rendered":"","protected":false},"author":3,"featured_media":2986,"parent":1365,"menu_order":6,"comment_status":"closed","ping_status":"closed","template":"","meta":{"_acf_changed":false,"footnotes":""},"class_list":["post-1117","page","type-page","status-publish","has-post-thumbnail","hentry"],"acf":[],"yoast_head":"<!-- This site is optimized with the Yoast SEO plugin v25.8 - https:\/\/yoast.com\/wordpress\/plugins\/seo\/ -->\n<title>Aluminijasto stavbno pohi\u0161tvo | Alu alprem<\/title>\n<meta name=\"description\" content=\"Vezni hodniki, zasteklitev dvigalnih ja\u0161kov, steklene ograje, steklene strehe, svetlobniki, integrirane son\u010dne elektrarne, brisoleji, kabine za proizvodnjo.\" \/>\n<meta name=\"robots\" content=\"index, follow, max-snippet:-1, max-image-preview:large, max-video-preview:-1\" \/>\n<link rel=\"canonical\" href=\"https:\/\/www.alprem.si\/de\/produkte\/alu-bauelemente\/\" \/>\n<meta property=\"og:locale\" content=\"de_DE\" \/>\n<meta property=\"og:type\" content=\"article\" \/>\n<meta property=\"og:title\" content=\"Aluminijasto stavbno pohi\u0161tvo | Alu alprem\" \/>\n<meta property=\"og:description\" content=\"Vezni hodniki, zasteklitev dvigalnih ja\u0161kov, steklene ograje, steklene strehe, svetlobniki, integrirane son\u010dne elektrarne, brisoleji, kabine za proizvodnjo.\" \/>\n<meta property=\"og:url\" content=\"https:\/\/www.alprem.si\/de\/produkte\/alu-bauelemente\/\" \/>\n<meta property=\"og:site_name\" content=\"Alprem\" \/>\n<meta property=\"article:modified_time\" content=\"2021-03-02T12:12:36+00:00\" \/>\n<meta property=\"og:image\" content=\"https:\/\/www.alprem.si\/wp-content\/uploads\/2021\/05\/1.13.1-Baronicna-hisa-resized2000opt.jpg\" \/>\n\t<meta property=\"og:image:width\" content=\"2000\" \/>\n\t<meta property=\"og:image:height\" content=\"1500\" \/>\n\t<meta property=\"og:image:type\" content=\"image\/jpeg\" \/>\n<meta name=\"twitter:card\" content=\"summary_large_image\" \/>\n<script type=\"application\/ld+json\" class=\"yoast-schema-graph\">{\"@context\":\"https:\/\/schema.org\",\"@graph\":[{\"@type\":\"WebPage\",\"@id\":\"https:\/\/www.alprem.si\/de\/produkte\/alu-bauelemente\/\",\"url\":\"https:\/\/www.alprem.si\/de\/produkte\/alu-bauelemente\/\",\"name\":\"Aluminijasto stavbno pohi\u0161tvo | Alu alprem\",\"isPartOf\":{\"@id\":\"https:\/\/www.alprem.si\/de\/#website\"},\"primaryImageOfPage\":{\"@id\":\"https:\/\/www.alprem.si\/de\/produkte\/alu-bauelemente\/#primaryimage\"},\"image\":{\"@id\":\"https:\/\/www.alprem.si\/de\/produkte\/alu-bauelemente\/#primaryimage\"},\"thumbnailUrl\":\"https:\/\/www.alprem.si\/wp-content\/uploads\/2021\/05\/1.13.1-Baronicna-hisa-resized2000opt.jpg\",\"datePublished\":\"2021-02-01T08:29:06+00:00\",\"dateModified\":\"2021-03-02T12:12:36+00:00\",\"description\":\"Vezni hodniki, zasteklitev dvigalnih ja\u0161kov, steklene ograje, steklene strehe, svetlobniki, integrirane son\u010dne elektrarne, brisoleji, kabine za proizvodnjo.\",\"breadcrumb\":{\"@id\":\"https:\/\/www.alprem.si\/de\/produkte\/alu-bauelemente\/#breadcrumb\"},\"inLanguage\":\"de\",\"potentialAction\":[{\"@type\":\"ReadAction\",\"target\":[\"https:\/\/www.alprem.si\/de\/produkte\/alu-bauelemente\/\"]}]},{\"@type\":\"ImageObject\",\"inLanguage\":\"de\",\"@id\":\"https:\/\/www.alprem.si\/de\/produkte\/alu-bauelemente\/#primaryimage\",\"url\":\"https:\/\/www.alprem.si\/wp-content\/uploads\/2021\/05\/1.13.1-Baronicna-hisa-resized2000opt.jpg\",\"contentUrl\":\"https:\/\/www.alprem.si\/wp-content\/uploads\/2021\/05\/1.13.1-Baronicna-hisa-resized2000opt.jpg\",\"width\":2000,\"height\":1500},{\"@type\":\"BreadcrumbList\",\"@id\":\"https:\/\/www.alprem.si\/de\/produkte\/alu-bauelemente\/#breadcrumb\",\"itemListElement\":[{\"@type\":\"ListItem\",\"position\":1,\"name\":\"Startseite\",\"item\":\"https:\/\/www.alprem.si\/de\/\"},{\"@type\":\"ListItem\",\"position\":2,\"name\":\"Produkte\",\"item\":\"https:\/\/www.alprem.si\/de\/produkte\/\"},{\"@type\":\"ListItem\",\"position\":3,\"name\":\"Sonstige Bauelemente\"}]},{\"@type\":\"WebSite\",\"@id\":\"https:\/\/www.alprem.si\/de\/#website\",\"url\":\"https:\/\/www.alprem.si\/de\/\",\"name\":\"Alprem\",\"description\":\"Alprem\",\"potentialAction\":[{\"@type\":\"SearchAction\",\"target\":{\"@type\":\"EntryPoint\",\"urlTemplate\":\"https:\/\/www.alprem.si\/de\/?s={search_term_string}\"},\"query-input\":{\"@type\":\"PropertyValueSpecification\",\"valueRequired\":true,\"valueName\":\"search_term_string\"}}],\"inLanguage\":\"de\"}]}<\/script>\n<!-- \/ Yoast SEO plugin. -->","yoast_head_json":{"title":"Aluminijasto stavbno pohi\u0161tvo | Alu alprem","description":"Vezni hodniki, zasteklitev dvigalnih ja\u0161kov, steklene ograje, steklene strehe, svetlobniki, integrirane son\u010dne elektrarne, brisoleji, kabine za proizvodnjo.","robots":{"index":"index","follow":"follow","max-snippet":"max-snippet:-1","max-image-preview":"max-image-preview:large","max-video-preview":"max-video-preview:-1"},"canonical":"https:\/\/www.alprem.si\/de\/produkte\/alu-bauelemente\/","og_locale":"de_DE","og_type":"article","og_title":"Aluminijasto stavbno pohi\u0161tvo | Alu alprem","og_description":"Vezni hodniki, zasteklitev dvigalnih ja\u0161kov, steklene ograje, steklene strehe, svetlobniki, integrirane son\u010dne elektrarne, brisoleji, kabine za proizvodnjo.","og_url":"https:\/\/www.alprem.si\/de\/produkte\/alu-bauelemente\/","og_site_name":"Alprem","article_modified_time":"2021-03-02T12:12:36+00:00","og_image":[{"width":2000,"height":1500,"url":"https:\/\/www.alprem.si\/wp-content\/uploads\/2021\/05\/1.13.1-Baronicna-hisa-resized2000opt.jpg","type":"image\/jpeg"}],"twitter_card":"summary_large_image","schema":{"@context":"https:\/\/schema.org","@graph":[{"@type":"WebPage","@id":"https:\/\/www.alprem.si\/de\/produkte\/alu-bauelemente\/","url":"https:\/\/www.alprem.si\/de\/produkte\/alu-bauelemente\/","name":"Aluminijasto stavbno pohi\u0161tvo | Alu alprem","isPartOf":{"@id":"https:\/\/www.alprem.si\/de\/#website"},"primaryImageOfPage":{"@id":"https:\/\/www.alprem.si\/de\/produkte\/alu-bauelemente\/#primaryimage"},"image":{"@id":"https:\/\/www.alprem.si\/de\/produkte\/alu-bauelemente\/#primaryimage"},"thumbnailUrl":"https:\/\/www.alprem.si\/wp-content\/uploads\/2021\/05\/1.13.1-Baronicna-hisa-resized2000opt.jpg","datePublished":"2021-02-01T08:29:06+00:00","dateModified":"2021-03-02T12:12:36+00:00","description":"Vezni hodniki, zasteklitev dvigalnih ja\u0161kov, steklene ograje, steklene strehe, svetlobniki, integrirane son\u010dne elektrarne, brisoleji, kabine za proizvodnjo.","breadcrumb":{"@id":"https:\/\/www.alprem.si\/de\/produkte\/alu-bauelemente\/#breadcrumb"},"inLanguage":"de","potentialAction":[{"@type":"ReadAction","target":["https:\/\/www.alprem.si\/de\/produkte\/alu-bauelemente\/"]}]},{"@type":"ImageObject","inLanguage":"de","@id":"https:\/\/www.alprem.si\/de\/produkte\/alu-bauelemente\/#primaryimage","url":"https:\/\/www.alprem.si\/wp-content\/uploads\/2021\/05\/1.13.1-Baronicna-hisa-resized2000opt.jpg","contentUrl":"https:\/\/www.alprem.si\/wp-content\/uploads\/2021\/05\/1.13.1-Baronicna-hisa-resized2000opt.jpg","width":2000,"height":1500},{"@type":"BreadcrumbList","@id":"https:\/\/www.alprem.si\/de\/produkte\/alu-bauelemente\/#breadcrumb","itemListElement":[{"@type":"ListItem","position":1,"name":"Startseite","item":"https:\/\/www.alprem.si\/de\/"},{"@type":"ListItem","position":2,"name":"Produkte","item":"https:\/\/www.alprem.si\/de\/produkte\/"},{"@type":"ListItem","position":3,"name":"Sonstige Bauelemente"}]},{"@type":"WebSite","@id":"https:\/\/www.alprem.si\/de\/#website","url":"https:\/\/www.alprem.si\/de\/","name":"Alprem","description":"Alprem","potentialAction":[{"@type":"SearchAction","target":{"@type":"EntryPoint","urlTemplate":"https:\/\/www.alprem.si\/de\/?s={search_term_string}"},"query-input":{"@type":"PropertyValueSpecification","valueRequired":true,"valueName":"search_term_string"}}],"inLanguage":"de"}]}},"_links":{"self":[{"href":"https:\/\/www.alprem.si\/de\/wp-json\/wp\/v2\/pages\/1117","targetHints":{"allow":["GET"]}}],"collection":[{"href":"https:\/\/www.alprem.si\/de\/wp-json\/wp\/v2\/pages"}],"about":[{"href":"https:\/\/www.alprem.si\/de\/wp-json\/wp\/v2\/types\/page"}],"author":[{"embeddable":true,"href":"https:\/\/www.alprem.si\/de\/wp-json\/wp\/v2\/users\/3"}],"replies":[{"embeddable":true,"href":"https:\/\/www.alprem.si\/de\/wp-json\/wp\/v2\/comments?post=1117"}],"version-history":[{"count":0,"href":"https:\/\/www.alprem.si\/de\/wp-json\/wp\/v2\/pages\/1117\/revisions"}],"up":[{"embeddable":true,"href":"https:\/\/www.alprem.si\/de\/wp-json\/wp\/v2\/pages\/1365"}],"wp:featuredmedia":[{"embeddable":true,"href":"https:\/\/www.alprem.si\/de\/wp-json\/wp\/v2\/media\/2986"}],"wp:attachment":[{"href":"https:\/\/www.alprem.si\/de\/wp-json\/wp\/v2\/media?parent=1117"}],"curies":[{"name":"wp","href":"https:\/\/api.w.org\/{rel}","templated":true}]}}