{"id":1240,"date":"2021-02-01T07:29:27","date_gmt":"2021-02-01T07:29:27","guid":{"rendered":"https:\/\/www.alprem.si\/okna\/"},"modified":"2021-03-01T12:00:24","modified_gmt":"2021-03-01T12:00:24","slug":"aluminium-windows","status":"publish","type":"page","link":"https:\/\/www.alprem.si\/en\/products\/aluminium-windows\/","title":{"rendered":"Windows"},"content":{"rendered":"","protected":false},"excerpt":{"rendered":"","protected":false},"author":3,"featured_media":3009,"parent":1362,"menu_order":1,"comment_status":"closed","ping_status":"closed","template":"","meta":{"_acf_changed":false,"footnotes":""},"class_list":["post-1240","page","type-page","status-publish","has-post-thumbnail","hentry"],"acf":[],"yoast_head":"<!-- This site is optimized with the Yoast SEO plugin v25.8 - https:\/\/yoast.com\/wordpress\/plugins\/seo\/ -->\n<title>ALU okna | za poslovne objekte in luksuzne hi\u0161e | Alu alprem<\/title>\n<meta name=\"description\" content=\"ALU okna iz visokokakovostnih profilov z odli\u010dno toplotno in zvo\u010dno izolacijo ter enostavnim vzdr\u017eevanjem. Klasi\u010dna, protivlomna, protipo\u017earna, okrogla ali polkro\u017ena.\" \/>\n<meta name=\"robots\" content=\"index, follow, max-snippet:-1, max-image-preview:large, max-video-preview:-1\" \/>\n<link rel=\"canonical\" href=\"https:\/\/www.alprem.si\/en\/products\/aluminium-windows\/\" \/>\n<meta property=\"og:locale\" content=\"en_US\" \/>\n<meta property=\"og:type\" content=\"article\" \/>\n<meta property=\"og:title\" content=\"ALU okna | za poslovne objekte in luksuzne hi\u0161e | Alu alprem\" \/>\n<meta property=\"og:description\" content=\"ALU okna iz visokokakovostnih profilov z odli\u010dno toplotno in zvo\u010dno izolacijo ter enostavnim vzdr\u017eevanjem. Klasi\u010dna, protivlomna, protipo\u017earna, okrogla ali polkro\u017ena.\" \/>\n<meta property=\"og:url\" content=\"https:\/\/www.alprem.si\/en\/products\/aluminium-windows\/\" \/>\n<meta property=\"og:site_name\" content=\"Alprem\" \/>\n<meta property=\"article:modified_time\" content=\"2021-03-01T12:00:24+00:00\" \/>\n<meta property=\"og:image\" content=\"https:\/\/www.alprem.si\/wp-content\/uploads\/2021\/05\/APP-resized2000opt.jpg\" \/>\n\t<meta property=\"og:image:width\" content=\"2000\" \/>\n\t<meta property=\"og:image:height\" content=\"1500\" \/>\n\t<meta property=\"og:image:type\" content=\"image\/jpeg\" \/>\n<meta name=\"twitter:card\" content=\"summary_large_image\" \/>\n<script type=\"application\/ld+json\" class=\"yoast-schema-graph\">{\"@context\":\"https:\/\/schema.org\",\"@graph\":[{\"@type\":\"WebPage\",\"@id\":\"https:\/\/www.alprem.si\/en\/products\/aluminium-windows\/\",\"url\":\"https:\/\/www.alprem.si\/en\/products\/aluminium-windows\/\",\"name\":\"ALU okna | za poslovne objekte in luksuzne hi\u0161e | Alu alprem\",\"isPartOf\":{\"@id\":\"https:\/\/www.alprem.si\/en\/#website\"},\"primaryImageOfPage\":{\"@id\":\"https:\/\/www.alprem.si\/en\/products\/aluminium-windows\/#primaryimage\"},\"image\":{\"@id\":\"https:\/\/www.alprem.si\/en\/products\/aluminium-windows\/#primaryimage\"},\"thumbnailUrl\":\"https:\/\/www.alprem.si\/wp-content\/uploads\/2021\/05\/APP-resized2000opt.jpg\",\"datePublished\":\"2021-02-01T07:29:27+00:00\",\"dateModified\":\"2021-03-01T12:00:24+00:00\",\"description\":\"ALU okna iz visokokakovostnih profilov z odli\u010dno toplotno in zvo\u010dno izolacijo ter enostavnim vzdr\u017eevanjem. Klasi\u010dna, protivlomna, protipo\u017earna, okrogla ali polkro\u017ena.\",\"breadcrumb\":{\"@id\":\"https:\/\/www.alprem.si\/en\/products\/aluminium-windows\/#breadcrumb\"},\"inLanguage\":\"en-US\",\"potentialAction\":[{\"@type\":\"ReadAction\",\"target\":[\"https:\/\/www.alprem.si\/en\/products\/aluminium-windows\/\"]}]},{\"@type\":\"ImageObject\",\"inLanguage\":\"en-US\",\"@id\":\"https:\/\/www.alprem.si\/en\/products\/aluminium-windows\/#primaryimage\",\"url\":\"https:\/\/www.alprem.si\/wp-content\/uploads\/2021\/05\/APP-resized2000opt.jpg\",\"contentUrl\":\"https:\/\/www.alprem.si\/wp-content\/uploads\/2021\/05\/APP-resized2000opt.jpg\",\"width\":2000,\"height\":1500},{\"@type\":\"BreadcrumbList\",\"@id\":\"https:\/\/www.alprem.si\/en\/products\/aluminium-windows\/#breadcrumb\",\"itemListElement\":[{\"@type\":\"ListItem\",\"position\":1,\"name\":\"Home\",\"item\":\"https:\/\/www.alprem.si\/en\/sample-page\/\"},{\"@type\":\"ListItem\",\"position\":2,\"name\":\"Products\",\"item\":\"https:\/\/www.alprem.si\/en\/products\/\"},{\"@type\":\"ListItem\",\"position\":3,\"name\":\"Windows\"}]},{\"@type\":\"WebSite\",\"@id\":\"https:\/\/www.alprem.si\/en\/#website\",\"url\":\"https:\/\/www.alprem.si\/en\/\",\"name\":\"Alprem\",\"description\":\"Alprem\",\"potentialAction\":[{\"@type\":\"SearchAction\",\"target\":{\"@type\":\"EntryPoint\",\"urlTemplate\":\"https:\/\/www.alprem.si\/en\/?s={search_term_string}\"},\"query-input\":{\"@type\":\"PropertyValueSpecification\",\"valueRequired\":true,\"valueName\":\"search_term_string\"}}],\"inLanguage\":\"en-US\"}]}<\/script>\n<!-- \/ Yoast SEO plugin. -->","yoast_head_json":{"title":"ALU okna | za poslovne objekte in luksuzne hi\u0161e | Alu alprem","description":"ALU okna iz visokokakovostnih profilov z odli\u010dno toplotno in zvo\u010dno izolacijo ter enostavnim vzdr\u017eevanjem. Klasi\u010dna, protivlomna, protipo\u017earna, okrogla ali polkro\u017ena.","robots":{"index":"index","follow":"follow","max-snippet":"max-snippet:-1","max-image-preview":"max-image-preview:large","max-video-preview":"max-video-preview:-1"},"canonical":"https:\/\/www.alprem.si\/en\/products\/aluminium-windows\/","og_locale":"en_US","og_type":"article","og_title":"ALU okna | za poslovne objekte in luksuzne hi\u0161e | Alu alprem","og_description":"ALU okna iz visokokakovostnih profilov z odli\u010dno toplotno in zvo\u010dno izolacijo ter enostavnim vzdr\u017eevanjem. Klasi\u010dna, protivlomna, protipo\u017earna, okrogla ali polkro\u017ena.","og_url":"https:\/\/www.alprem.si\/en\/products\/aluminium-windows\/","og_site_name":"Alprem","article_modified_time":"2021-03-01T12:00:24+00:00","og_image":[{"width":2000,"height":1500,"url":"https:\/\/www.alprem.si\/wp-content\/uploads\/2021\/05\/APP-resized2000opt.jpg","type":"image\/jpeg"}],"twitter_card":"summary_large_image","schema":{"@context":"https:\/\/schema.org","@graph":[{"@type":"WebPage","@id":"https:\/\/www.alprem.si\/en\/products\/aluminium-windows\/","url":"https:\/\/www.alprem.si\/en\/products\/aluminium-windows\/","name":"ALU okna | za poslovne objekte in luksuzne hi\u0161e | Alu alprem","isPartOf":{"@id":"https:\/\/www.alprem.si\/en\/#website"},"primaryImageOfPage":{"@id":"https:\/\/www.alprem.si\/en\/products\/aluminium-windows\/#primaryimage"},"image":{"@id":"https:\/\/www.alprem.si\/en\/products\/aluminium-windows\/#primaryimage"},"thumbnailUrl":"https:\/\/www.alprem.si\/wp-content\/uploads\/2021\/05\/APP-resized2000opt.jpg","datePublished":"2021-02-01T07:29:27+00:00","dateModified":"2021-03-01T12:00:24+00:00","description":"ALU okna iz visokokakovostnih profilov z odli\u010dno toplotno in zvo\u010dno izolacijo ter enostavnim vzdr\u017eevanjem. Klasi\u010dna, protivlomna, protipo\u017earna, okrogla ali polkro\u017ena.","breadcrumb":{"@id":"https:\/\/www.alprem.si\/en\/products\/aluminium-windows\/#breadcrumb"},"inLanguage":"en-US","potentialAction":[{"@type":"ReadAction","target":["https:\/\/www.alprem.si\/en\/products\/aluminium-windows\/"]}]},{"@type":"ImageObject","inLanguage":"en-US","@id":"https:\/\/www.alprem.si\/en\/products\/aluminium-windows\/#primaryimage","url":"https:\/\/www.alprem.si\/wp-content\/uploads\/2021\/05\/APP-resized2000opt.jpg","contentUrl":"https:\/\/www.alprem.si\/wp-content\/uploads\/2021\/05\/APP-resized2000opt.jpg","width":2000,"height":1500},{"@type":"BreadcrumbList","@id":"https:\/\/www.alprem.si\/en\/products\/aluminium-windows\/#breadcrumb","itemListElement":[{"@type":"ListItem","position":1,"name":"Home","item":"https:\/\/www.alprem.si\/en\/sample-page\/"},{"@type":"ListItem","position":2,"name":"Products","item":"https:\/\/www.alprem.si\/en\/products\/"},{"@type":"ListItem","position":3,"name":"Windows"}]},{"@type":"WebSite","@id":"https:\/\/www.alprem.si\/en\/#website","url":"https:\/\/www.alprem.si\/en\/","name":"Alprem","description":"Alprem","potentialAction":[{"@type":"SearchAction","target":{"@type":"EntryPoint","urlTemplate":"https:\/\/www.alprem.si\/en\/?s={search_term_string}"},"query-input":{"@type":"PropertyValueSpecification","valueRequired":true,"valueName":"search_term_string"}}],"inLanguage":"en-US"}]}},"_links":{"self":[{"href":"https:\/\/www.alprem.si\/en\/wp-json\/wp\/v2\/pages\/1240","targetHints":{"allow":["GET"]}}],"collection":[{"href":"https:\/\/www.alprem.si\/en\/wp-json\/wp\/v2\/pages"}],"about":[{"href":"https:\/\/www.alprem.si\/en\/wp-json\/wp\/v2\/types\/page"}],"author":[{"embeddable":true,"href":"https:\/\/www.alprem.si\/en\/wp-json\/wp\/v2\/users\/3"}],"replies":[{"embeddable":true,"href":"https:\/\/www.alprem.si\/en\/wp-json\/wp\/v2\/comments?post=1240"}],"version-history":[{"count":0,"href":"https:\/\/www.alprem.si\/en\/wp-json\/wp\/v2\/pages\/1240\/revisions"}],"up":[{"embeddable":true,"href":"https:\/\/www.alprem.si\/en\/wp-json\/wp\/v2\/pages\/1362"}],"wp:featuredmedia":[{"embeddable":true,"href":"https:\/\/www.alprem.si\/en\/wp-json\/wp\/v2\/media\/3009"}],"wp:attachment":[{"href":"https:\/\/www.alprem.si\/en\/wp-json\/wp\/v2\/media?parent=1240"}],"curies":[{"name":"wp","href":"https:\/\/api.w.org\/{rel}","templated":true}]}}